{"id":405,"date":"2019-06-30T18:36:25","date_gmt":"2019-06-30T18:36:25","guid":{"rendered":"https:\/\/soziales-loerrach.de\/?page_id=405"},"modified":"2019-06-30T18:36:25","modified_gmt":"2019-06-30T18:36:25","slug":"bildung-und-berufliche-schulen","status":"publish","type":"page","link":"https:\/\/soziales-loerrach.de\/index.php\/programme\/programm-2019-kreis-loerrach\/bildung-und-berufliche-schulen\/","title":{"rendered":"Bildung und berufliche Schulen"},"content":{"rendered":"<p>Der Landkreis ist f\u00fcr den Betrieb der Gewerbe- und Berufsschulen, der beruflichen Gymnasien und der F\u00f6rderschulen bzw. Sonderp\u00e4dagogischen Bildungs- und Beratungszentren zust\u00e4ndig.<\/p>\n<p><strong>LINKE UND SOZIALE<\/strong> Politik wird sich im Landkreis daf\u00fcr einsetzen, dass <strong>Gewerbe- und Berufsschulen<\/strong> besser ausger\u00fcstet werden \u2013 Qualifikationen f\u00fcr die Zukunft k\u00f6nnen nicht mit Equipment aus dem letzten Jahrhundert erlernt werden, Lehrer und Ausbilder m\u00fcssen mit aktueller Technik arbeiten und in zuk\u00fcnftigen Techniken geschult und weitergebildet werden.<\/p>\n<p>Die <strong>beruflichen Gymnasien<\/strong> sind ein wichtiger Baustein in einer durchl\u00e4ssigen Schullandschaft. Sie m\u00fcssen ebenfalls optimal ausger\u00fcstet werden, Sch\u00fcler m\u00fcssen bei Bedarf durch Sch\u00fcler-BaF\u00f6G gro\u00dfz\u00fcgig gef\u00f6rdert werden, damit kein Kind oder Jugendlicher aus finanziellen Gr\u00fcnden seine Bildungsziele nicht erreichen kann.<\/p>\n<p>Damit der Besuch entfernterer Schulen f\u00fcr Alle m\u00f6glich ist, muss die <strong>Sch\u00fclerbef\u00f6rderung<\/strong> zuverl\u00e4ssig und f\u00fcr die Sch\u00fcler kostenlos sein.<\/p>\n<p><strong>LINKE UND SOZIALE<\/strong> Politik setzt sich daf\u00fcr ein, dass in allen Schulen ein niederschwelliges Angebot und eine auch aufsuchende <strong>Schulsozialarbeit<\/strong> durch qualifizierte Sozialarbeiter vorhanden ist \u2013 hier kann mit vergleichsweise geringen Mitteln durch rechtzeitige Pr\u00e4vention und Intervention viel Leid vermieden werden, wenn z.B. eine drohende Suchtabh\u00e4ngigkeit fr\u00fchzeitig erkannt oder ein Schulabbruch verhindert werden kann.<\/p>\n<p><strong>LINKE UND SOZIALE<\/strong> Politik steht f\u00fcr eine <strong>individuelle Entscheidung<\/strong> der Eltern, ob ein Kind mit erh\u00f6htem F\u00f6rderbedarf eine Inklusions-Regelschule oder eine F\u00f6rderschule bzw. ein sonderp\u00e4dagogisches Bildungs- und Beratungszentrum besucht. Inklusionsschulen m\u00fcssen dazu die notwendigen Lehrkr\u00e4fte, die Helen-Keller-Schule in Maulburg als sonderp\u00e4dagogisches Bildungs- und Beratungszentrum des Landkreises die notwendige Unterst\u00fctzung erhalten.<\/p>\n<p>Im l\u00e4ndlichen Raum setzt sich <strong>LINKE UND SOZIALE<\/strong> Politik f\u00fcr zentrale Gemeinschaftsschulen sowie eine damit verkn\u00fcpfte kostenlose Sch\u00fclerbef\u00f6rderung ein.<\/p>\n<p><strong>LINKE UND SOZIALE<\/strong> Politik setzt sich daf\u00fcr ein, im Dreil\u00e4ndereck l\u00e4nder\u00fcbergreifende Bildungsangebote zu f\u00f6rdern und einen allt\u00e4glichen l\u00e4nder\u00fcbergreifenden Austausch der Jugendlichen zu erm\u00f6glichen.<\/p>\n","protected":false},"excerpt":{"rendered":"<p>Der Landkreis ist f\u00fcr den Betrieb der Gewerbe- und Berufsschulen, der beruflichen Gymnasien und der F\u00f6rderschulen bzw. Sonderp\u00e4dagogischen Bildungs- und Beratungszentren zust\u00e4ndig. LINKE UND SOZIALE Politik wird sich im Landkreis daf\u00fcr einsetzen, dass Gewerbe- und Berufsschulen besser ausger\u00fcstet werden \u2013 Qualifikationen f\u00fcr die Zukunft k\u00f6nnen nicht mit Equipment aus dem letzten Jahrhundert erlernt werden, Lehrer &hellip; <a href=\"https:\/\/soziales-loerrach.de\/index.php\/programme\/programm-2019-kreis-loerrach\/bildung-und-berufliche-schulen\/\" class=\"more-link\"><span class=\"screen-reader-text\">\u201eBildung und berufliche Schulen\u201c<\/span> weiterlesen<\/a><\/p>\n","protected":false},"author":1,"featured_media":0,"parent":392,"menu_order":5,"comment_status":"closed","ping_status":"closed","template":"","meta":[],"_links":{"self":[{"href":"https:\/\/soziales-loerrach.de\/index.php\/wp-json\/wp\/v2\/pages\/405"}],"collection":[{"href":"https:\/\/soziales-loerrach.de\/index.php\/wp-json\/wp\/v2\/pages"}],"about":[{"href":"https:\/\/soziales-loerrach.de\/index.php\/wp-json\/wp\/v2\/types\/page"}],"author":[{"embeddable":true,"href":"https:\/\/soziales-loerrach.de\/index.php\/wp-json\/wp\/v2\/users\/1"}],"replies":[{"embeddable":true,"href":"https:\/\/soziales-loerrach.de\/index.php\/wp-json\/wp\/v2\/comments?post=405"}],"version-history":[{"count":1,"href":"https:\/\/soziales-loerrach.de\/index.php\/wp-json\/wp\/v2\/pages\/405\/revisions"}],"predecessor-version":[{"id":406,"href":"https:\/\/soziales-loerrach.de\/index.php\/wp-json\/wp\/v2\/pages\/405\/revisions\/406"}],"up":[{"embeddable":true,"href":"https:\/\/soziales-loerrach.de\/index.php\/wp-json\/wp\/v2\/pages\/392"}],"wp:attachment":[{"href":"https:\/\/soziales-loerrach.de\/index.php\/wp-json\/wp\/v2\/media?parent=405"}],"curies":[{"name":"wp","href":"https:\/\/api.w.org\/{rel}","templated":true}]}}