{"id":399,"date":"2019-06-30T18:34:04","date_gmt":"2019-06-30T18:34:04","guid":{"rendered":"https:\/\/soziales-loerrach.de\/?page_id=399"},"modified":"2019-06-30T18:34:04","modified_gmt":"2019-06-30T18:34:04","slug":"sozialpolitik","status":"publish","type":"page","link":"https:\/\/soziales-loerrach.de\/index.php\/programme\/programm-2019-kreis-loerrach\/sozialpolitik\/","title":{"rendered":"Sozialpolitik"},"content":{"rendered":"<p>\u201e<strong>Die W\u00fcrde des Menschen ist unantastbar<\/strong>\u201c hei\u00dft es im ersten Artikel des Grundgesetzes. Sozialpolitik soll das Ziel haben, diesen Auftrag in die Tat umzusetzen \u2013 das Sozialdezernat des Landkreises ist daf\u00fcr das ausf\u00fchrende Organ.<\/p>\n<p><strong>LINKE UND SOZIALE<\/strong> Politik will diesen Anspruch auf individuelle und unantastbare <strong>Menschenw\u00fcrde<\/strong> auch dadurch verwirklichen, dass sie sich f\u00fcr mehr Verteilungs- und Chancengerechtigkeit einsetzt. Wenn Cum-Ex-Gauner Milliardenbetr\u00e4ge rechtswidrig und straflos behalten k\u00f6nnen, kann Geldmangel nicht der Vorwand sein, um Menschen die finanziellen Mittel vorzuenthalten, die sie f\u00fcr ein menschenw\u00fcrdiges und chancengerechtes Leben ben\u00f6tigen.<\/p>\n<h4><a>Teilhabe und Inklusion<\/a><\/h4>\n<p>F\u00fcr<strong> LINKE UND SOZIALE<\/strong> Politik ist die gesellschaftliche, <strong>diskriminierungsfreie Teilhabe<\/strong> ein zentrales Ziel. Weder k\u00f6rperliche, mentale noch finanzielle Leistungsf\u00e4higkeit, erst Recht nicht Herkunft, Hautfarbe oder sexuelle Orientierung d\u00fcrfen dar\u00fcber entscheiden, welche Chancen ein Mensch im Leben hat, wie er sich verwirklichen und wie er am gesellschaftlichen Leben teilnehmen kann. Jeder Mensch hat F\u00e4higkeiten und Bed\u00fcrfnissen, die vielleicht anders, aber gleichwertig sind.<\/p>\n<p><strong>LINKE UND SOZIALE<\/strong> Politik wird sich im Kreistag daf\u00fcr einsetzen, dass die <strong>Teilhabepl\u00e4ne <\/strong>f\u00fcr Menschen mit gesundheitlichen Einschr\u00e4nkungen und\/oder Handicaps finanziell und personell gro\u00dfz\u00fcgig und verl\u00e4sslich ausgestattet werden. Diese Teilhabepl\u00e4ne regeln die Zuwendungen und Hilfen, die Menschen mit gesundheitlichen Einschr\u00e4nkungen und\/oder Handicaps erhalten.<\/p>\n<p>Auch der <strong>Teilhabeplan f\u00fcr Senioren<\/strong> muss finanziell und personell gut ausgestattet werden, vor allem m\u00fcssen die Bed\u00fcrfnisse der Betroffenen ber\u00fccksichtigt werden. <strong>LINKE UND SOZIALE<\/strong> Politik wird sich im Kreis daf\u00fcr einsetzen, Betroffene mehr in die direkte Gestaltung der Ma\u00dfnahmen einzubeziehen.<\/p>\n<p><strong>LINKE UND SOZIALE<\/strong> Politik wird sich im Kreistag daf\u00fcr einsetzen, dass integrationswillige <strong>Migranten<\/strong> gef\u00f6rdert, in ihrer Integration unterst\u00fctzt werden und die Chance erhalten, sich im Rahmen ihres rechtlichen Aufenthaltsstatus zu entfalten und entwickeln. Dies gilt insbesondere f\u00fcr Kinder und Jugendliche.<\/p>\n<h4><a>Arbeitsmarkt und Jobcenter<\/a><\/h4>\n<p>Als \u201eArbeit\u201c definiert <strong>LINKE UND SOZIALE<\/strong> Politik mehr als nur die Erwerbsarbeit. Auch wer Familienangeh\u00f6rige pflegt, Kinder erzieht, wer sich in gemeinn\u00fctzigen Organisationen engagiert, leistet einen wertvollen Beitrag zu unserem Gemeinwesen.<\/p>\n<p><strong>LINKE UND SOZIALE<\/strong> Politik lehnt Sanktionen ab, die das eh geringe Existenzminimum noch weiter beschneiden, setzt sich aber f\u00fcr eine psychologische Hilfe der Menschen ein, die trotz finanzieller Unterst\u00fctzung keinen Beitrag zum Gemeinwesen leisten wollen.<\/p>\n<p>Wer einer Erwerbsarbeit in Vollzeit nachgeht, muss von dieser auch ohne staatliche Subvention seinen Lebensunterhalt bestreiten k\u00f6nnen \u2013 insbesondere in unserer Region mit sehr hohen Lebenshaltungskosten sind <strong>ausk\u00f6mmliche L\u00f6hne<\/strong> nicht verhandelbar \u2013 trotzdem werden immer noch Arbeitsstellen angeboten, von denen die Betroffenen ihren Lebensunterhalt nicht bestreiten k\u00f6nnen. Da es noch kein bedingungsloses Grundeinkommen gibt, fordert <strong>LINKE UND SOZIALE<\/strong> Politik fordert <strong>regionalen Mindestlohn von 13 \u20ac \/ h<\/strong> und wird sich daf\u00fcr einsetzen, dass vom Jobcenter nur noch Arbeitspl\u00e4tze angeboten werden, die mit einer den hiesigen Lebenshaltungskosten entsprechenden Entlohnung verbunden sind.<\/p>\n<p>Die Betreuung und Beratung von Menschen, die Schwierigkeiten im Leben haben, ist eine verantwortungsvolle Aufgabe. <strong>LINKE UND SOZIALE<\/strong> Politik wird sich daf\u00fcr einsetzen, dass die <strong>gemeinn\u00fctzigen Tr\u00e4ger der Freie Wohlfahrtspflege<\/strong> verst\u00e4rkt in diese Arbeit eingebunden werden, da sie flexibler und unabh\u00e4ngiger agieren k\u00f6nnen als kommunale Dienstleister.<\/p>\n<h4><a>Familie und Beruf<\/a><\/h4>\n<p>Familie und Beruf \u201eunter einen Hut\u201c zu bringen, ist immer noch eine gro\u00dfe Herausforderung. Neben ausk\u00f6mmlichen L\u00f6hnen und k\u00fcrzeren Arbeitszeiten ist das <strong>Betreuungsangebot f\u00fcr Kinder<\/strong> entscheidend, ob diese Herausforderung gemeistert werden kann.<\/p>\n<p><strong>LINKE UND SOZIALE<\/strong> Politik wird sich im Kreistag daf\u00fcr einsetzen, dass qualitativ hochwertige Kinderbetreuungsangebote fl\u00e4chendeckend und f\u00fcr alle Altersgruppen zu kostenlos zur Verf\u00fcgung stehen.<\/p>\n<h4><a>Sucht und Hilfe<\/a><\/h4>\n<p>S\u00fcchtige und Drogennutzer d\u00fcrfen nicht kriminalisiert werden, sondern ihnen muss geholfen werden. <strong>LINKE UND SOZIALE<\/strong> Politik wird sich im Kreistag daf\u00fcr einsetzen, dass <strong>Suchthilfe<\/strong> fr\u00fchzeitig, fl\u00e4chendeckend und zuverl\u00e4ssig geleistet wird und in koordinierter Weise abl\u00e4uft, denn es sind vom Schulsozialarbeiter bis zum Werkstattleiter, vom Hausarzt bis zum Jobcenter viele Akteure involviert.<\/p>\n<p>Ebenso wichtig wie die Hilfe ist aber die Pr\u00e4vention. <strong>LINKE UND SOZIALE<\/strong> Politik wird sich f\u00fcr bestm\u00f6gliche <strong>Suchtpr\u00e4vention<\/strong> einsetzen durch St\u00e4rkung der Schulsozialarbeit, durch niederschwellige Angebote f\u00fcr suchtgef\u00e4hrdete Menschen und durch Integration der betroffenen Familien. Daf\u00fcr m\u00fcssen die gemeinn\u00fctzigen Tr\u00e4ger der Suchthilfe eine langfristig gesicherte finanzielle Grundlage ihrer Arbeit erhalten.<\/p>\n","protected":false},"excerpt":{"rendered":"<p>\u201eDie W\u00fcrde des Menschen ist unantastbar\u201c hei\u00dft es im ersten Artikel des Grundgesetzes. Sozialpolitik soll das Ziel haben, diesen Auftrag in die Tat umzusetzen \u2013 das Sozialdezernat des Landkreises ist daf\u00fcr das ausf\u00fchrende Organ. LINKE UND SOZIALE Politik will diesen Anspruch auf individuelle und unantastbare Menschenw\u00fcrde auch dadurch verwirklichen, dass sie sich f\u00fcr mehr Verteilungs- &hellip; <a href=\"https:\/\/soziales-loerrach.de\/index.php\/programme\/programm-2019-kreis-loerrach\/sozialpolitik\/\" class=\"more-link\"><span class=\"screen-reader-text\">\u201eSozialpolitik\u201c<\/span> weiterlesen<\/a><\/p>\n","protected":false},"author":1,"featured_media":0,"parent":392,"menu_order":2,"comment_status":"closed","ping_status":"closed","template":"","meta":[],"_links":{"self":[{"href":"https:\/\/soziales-loerrach.de\/index.php\/wp-json\/wp\/v2\/pages\/399"}],"collection":[{"href":"https:\/\/soziales-loerrach.de\/index.php\/wp-json\/wp\/v2\/pages"}],"about":[{"href":"https:\/\/soziales-loerrach.de\/index.php\/wp-json\/wp\/v2\/types\/page"}],"author":[{"embeddable":true,"href":"https:\/\/soziales-loerrach.de\/index.php\/wp-json\/wp\/v2\/users\/1"}],"replies":[{"embeddable":true,"href":"https:\/\/soziales-loerrach.de\/index.php\/wp-json\/wp\/v2\/comments?post=399"}],"version-history":[{"count":1,"href":"https:\/\/soziales-loerrach.de\/index.php\/wp-json\/wp\/v2\/pages\/399\/revisions"}],"predecessor-version":[{"id":400,"href":"https:\/\/soziales-loerrach.de\/index.php\/wp-json\/wp\/v2\/pages\/399\/revisions\/400"}],"up":[{"embeddable":true,"href":"https:\/\/soziales-loerrach.de\/index.php\/wp-json\/wp\/v2\/pages\/392"}],"wp:attachment":[{"href":"https:\/\/soziales-loerrach.de\/index.php\/wp-json\/wp\/v2\/media?parent=399"}],"curies":[{"name":"wp","href":"https:\/\/api.w.org\/{rel}","templated":true}]}}