{"id":394,"date":"2019-06-30T18:27:54","date_gmt":"2019-06-30T18:27:54","guid":{"rendered":"https:\/\/soziales-loerrach.de\/?page_id=394"},"modified":"2019-06-30T18:58:58","modified_gmt":"2019-06-30T18:58:58","slug":"programme","status":"publish","type":"page","link":"https:\/\/soziales-loerrach.de\/index.php\/programme\/","title":{"rendered":"Programme"},"content":{"rendered":"<p>Hier finden Sie die Wahlprogramme f\u00fcr die Stadt L\u00f6rrach und den Kreis L\u00f6rrach.<\/p>\n<p><a href=\"https:\/\/soziales-loerrach.de\/wp-content\/uploads\/2019\/05\/Soziales-L\u00f6rrach-Flyer-v2.pdf\" target=\"_blank\" rel=\"noopener noreferrer\"><strong>Den Flyer zur Kommunalwahl 2019 f\u00fcr den Gemeinderat L\u00f6rrach k\u00f6nnen Sie hier herunterladen!<\/strong><\/a><\/p>\n<p><a href=\"https:\/\/soziales-loerrach.de\/wp-content\/uploads\/2019\/05\/Sozialer-Kreis-L\u00f6rrach-Flyer.pdf\" target=\"_blank\" rel=\"noopener noreferrer\"><strong>Den Flyer zur Kommunalwahl 2019 f\u00fcr den Kreistag L\u00f6rrach k\u00f6nnen Sie hier herunterladen!<\/strong><\/a><\/p>\n<p>Die ausf\u00fchrlichen Programme finden sich in den Unterordnern.<\/p>\n","protected":false},"excerpt":{"rendered":"<p>Hier finden Sie die Wahlprogramme f\u00fcr die Stadt L\u00f6rrach und den Kreis L\u00f6rrach. Den Flyer zur Kommunalwahl 2019 f\u00fcr den Gemeinderat L\u00f6rrach k\u00f6nnen Sie hier herunterladen! Den Flyer zur Kommunalwahl 2019 f\u00fcr den Kreistag L\u00f6rrach k\u00f6nnen Sie hier herunterladen! Die ausf\u00fchrlichen Programme finden sich in den Unterordnern.<\/p>\n","protected":false},"author":1,"featured_media":0,"parent":0,"menu_order":0,"comment_status":"closed","ping_status":"closed","template":"","meta":[],"_links":{"self":[{"href":"https:\/\/soziales-loerrach.de\/index.php\/wp-json\/wp\/v2\/pages\/394"}],"collection":[{"href":"https:\/\/soziales-loerrach.de\/index.php\/wp-json\/wp\/v2\/pages"}],"about":[{"href":"https:\/\/soziales-loerrach.de\/index.php\/wp-json\/wp\/v2\/types\/page"}],"author":[{"embeddable":true,"href":"https:\/\/soziales-loerrach.de\/index.php\/wp-json\/wp\/v2\/users\/1"}],"replies":[{"embeddable":true,"href":"https:\/\/soziales-loerrach.de\/index.php\/wp-json\/wp\/v2\/comments?post=394"}],"version-history":[{"count":3,"href":"https:\/\/soziales-loerrach.de\/index.php\/wp-json\/wp\/v2\/pages\/394\/revisions"}],"predecessor-version":[{"id":424,"href":"https:\/\/soziales-loerrach.de\/index.php\/wp-json\/wp\/v2\/pages\/394\/revisions\/424"}],"wp:attachment":[{"href":"https:\/\/soziales-loerrach.de\/index.php\/wp-json\/wp\/v2\/media?parent=394"}],"curies":[{"name":"wp","href":"https:\/\/api.w.org\/{rel}","templated":true}]}}