{"id":193,"date":"2019-05-05T23:20:14","date_gmt":"2019-05-05T23:20:14","guid":{"rendered":"https:\/\/soziales-loerrach.de\/?page_id=193"},"modified":"2022-01-16T20:11:57","modified_gmt":"2022-01-16T20:11:57","slug":"impressum","status":"publish","type":"page","link":"https:\/\/soziales-loerrach.de\/index.php\/impressum\/","title":{"rendered":"Impressum"},"content":{"rendered":"<p>Dies ist die Seite der offenen Liste &#8222;Soziales L\u00f6rrach&#8220; der Partei Die Linke L\u00f6rrach, unterst\u00fctzt von der Piratenpartei und der Partei Demokratie in Bewegung.<\/p>\n<p>Rechtlich verantwortlich ist der Ortsverband der Linken L\u00f6rrach, vertreten durch Manfred Jannikoy.<\/p>\n<p>&nbsp;<\/p>\n","protected":false},"excerpt":{"rendered":"<p>Dies ist die Seite der offenen Liste &#8222;Soziales L\u00f6rrach&#8220; der Partei Die Linke L\u00f6rrach, unterst\u00fctzt von der Piratenpartei und der Partei Demokratie in Bewegung. Rechtlich verantwortlich ist der Ortsverband der Linken L\u00f6rrach, vertreten durch Manfred Jannikoy. &nbsp;<\/p>\n","protected":false},"author":1,"featured_media":0,"parent":0,"menu_order":0,"comment_status":"closed","ping_status":"closed","template":"","meta":[],"_links":{"self":[{"href":"https:\/\/soziales-loerrach.de\/index.php\/wp-json\/wp\/v2\/pages\/193"}],"collection":[{"href":"https:\/\/soziales-loerrach.de\/index.php\/wp-json\/wp\/v2\/pages"}],"about":[{"href":"https:\/\/soziales-loerrach.de\/index.php\/wp-json\/wp\/v2\/types\/page"}],"author":[{"embeddable":true,"href":"https:\/\/soziales-loerrach.de\/index.php\/wp-json\/wp\/v2\/users\/1"}],"replies":[{"embeddable":true,"href":"https:\/\/soziales-loerrach.de\/index.php\/wp-json\/wp\/v2\/comments?post=193"}],"version-history":[{"count":8,"href":"https:\/\/soziales-loerrach.de\/index.php\/wp-json\/wp\/v2\/pages\/193\/revisions"}],"predecessor-version":[{"id":453,"href":"https:\/\/soziales-loerrach.de\/index.php\/wp-json\/wp\/v2\/pages\/193\/revisions\/453"}],"wp:attachment":[{"href":"https:\/\/soziales-loerrach.de\/index.php\/wp-json\/wp\/v2\/media?parent=193"}],"curies":[{"name":"wp","href":"https:\/\/api.w.org\/{rel}","templated":true}]}}